{"id":116,"date":"2015-02-19T02:09:35","date_gmt":"2015-02-19T02:09:35","guid":{"rendered":"http:\/\/www.transformtech.qc.ca\/?page_id=116"},"modified":"2015-04-28T22:54:14","modified_gmt":"2015-04-28T22:54:14","slug":"contact","status":"publish","type":"page","link":"http:\/\/www.transformtech.qc.ca\/?page_id=116","title":{"rendered":"Contact"},"content":{"rendered":"<div class=\"left\"><img loading=\"lazy\" decoding=\"async\" src=\"http:\/\/i0.wp.com\/www.transformtech.qc.ca\/wp-content\/uploads\/2015\/01\/img_contact.jpg?resize=334%2C564\" alt=\"img_contact\" class=\"alignleft size-full wp-image-272\" srcset=\"http:\/\/i0.wp.com\/www.transformtech.qc.ca\/wp-content\/uploads\/2015\/01\/img_contact.jpg?w=334 334w, http:\/\/i0.wp.com\/www.transformtech.qc.ca\/wp-content\/uploads\/2015\/01\/img_contact.jpg?resize=178%2C300 178w\" sizes=\"(max-width: 334px) 100vw, 334px\" data-recalc-dims=\"1\" \/><\/div>\n<div class=\"right\">\n<h2><strong>Nous sommes une <\/strong><strong>\u00e9<\/strong><strong>quipe d<\/strong><strong>\u00e9<\/strong><strong>vou<\/strong><strong>\u00e9<\/strong><strong>e. <\/strong><\/h2>\n<p>Nous sommes disponibles \u00e0 votre convenance pour r\u00e9pondre \u00e0 vos besoins. Vous pouvez nous contacter par t\u00e9l\u00e9phone, courriel ou remplir une demande d&rsquo;informations ci-bas. Un repr\u00e9sentant de Transform Tech vous contactera par la suite.<\/p>\n<hr \/>\n<h3 style=\"text-align: left;\">Adresses de courriel<\/h3>\n<p style=\"text-align: left;\">Ventes: <a href=\"mailto:ventes@transformtech.qc.ca\">ventes@transformtech.qc.ca<\/a><\/p>\n<p style=\"text-align: left;\">Service \u00e0 la client\u00e8le: <a href=\"mailto:service@transformtech.qc.ca\">service@transformtech.qc.ca<\/a><\/p>\n<p style=\"text-align: left;\">Achats: <a href=\"mailto:achats@transformtech.qc.ca\">achats@transformtech.qc.ca<\/a><\/p>\n<p>&nbsp;<\/p>\n<hr \/>\n<h3>Demande d&rsquo;informations<\/h3>\n<div id='contact-form-116'>\n<form action='http:\/\/www.transformtech.qc.ca\/?page_id=116#contact-form-116' method='post' class='contact-form commentsblock'>\n\n<div>\n\t\t<label for='g116-nom' class='grunion-field-label name'>Nom<span>(obligatoire)<\/span><\/label>\n\t\t<input type='text' name='g116-nom' id='g116-nom' value='' class='name'  required aria-required='true'\/>\n\t<\/div>\n\n<div>\n\t\t<label for='g116-courriel' class='grunion-field-label email'>Courriel<span>(obligatoire)<\/span><\/label>\n\t\t<input type='email' name='g116-courriel' id='g116-courriel' value='' class='email'  required aria-required='true'\/>\n\t<\/div>\n\n<div>\n\t\t<label for='g116-tlphone' class='grunion-field-label text'>T\u00e9l\u00e9phone<\/label>\n\t\t<input type='text' name='g116-tlphone' id='g116-tlphone' value='' class='text'  \/>\n\t<\/div>\n\n<div>\n\t\t<label for='contact-form-comment-g116-commentaire' class='grunion-field-label textarea'>Commentaire<span>(obligatoire)<\/span><\/label>\n\t\t<textarea name='g116-commentaire' id='contact-form-comment-g116-commentaire' rows='20' class='textarea'  required aria-required='true'><\/textarea>\n\t<\/div>\n\t<p class='contact-submit'>\n\t\t<input type='submit' value='Envoyer &#187;' class='pushbutton-wide'\/>\n\t\t<input type='hidden' name='contact-form-id' value='116' \/>\n\t\t<input type='hidden' name='action' value='grunion-contact-form' \/>\n\t<\/p>\n<\/form>\n<\/div><\/div>\n","protected":false},"excerpt":{"rendered":"<p>Nous sommes une \u00e9quipe d\u00e9vou\u00e9e. Nous sommes disponibles \u00e0 votre convenance pour r\u00e9pondre \u00e0 vos besoins. Vous pouvez nous contacter par t\u00e9l\u00e9phone, courriel ou remplir une demande d&rsquo;informations ci-bas. Un repr\u00e9sentant de Transform Tech vous contactera par la suite. Adresses de courriel Ventes: ventes@transformtech.qc.ca Service \u00e0 la client\u00e8le: service@transformtech.qc.ca Achats: achats@transformtech.qc.ca &nbsp; Demande d&rsquo;informations<\/p>\n","protected":false},"author":2,"featured_media":0,"parent":0,"menu_order":0,"comment_status":"closed","ping_status":"closed","template":"","meta":{"footnotes":""},"_links":{"self":[{"href":"http:\/\/www.transformtech.qc.ca\/index.php?rest_route=\/wp\/v2\/pages\/116"}],"collection":[{"href":"http:\/\/www.transformtech.qc.ca\/index.php?rest_route=\/wp\/v2\/pages"}],"about":[{"href":"http:\/\/www.transformtech.qc.ca\/index.php?rest_route=\/wp\/v2\/types\/page"}],"author":[{"embeddable":true,"href":"http:\/\/www.transformtech.qc.ca\/index.php?rest_route=\/wp\/v2\/users\/2"}],"replies":[{"embeddable":true,"href":"http:\/\/www.transformtech.qc.ca\/index.php?rest_route=%2Fwp%2Fv2%2Fcomments&post=116"}],"version-history":[{"count":18,"href":"http:\/\/www.transformtech.qc.ca\/index.php?rest_route=\/wp\/v2\/pages\/116\/revisions"}],"predecessor-version":[{"id":409,"href":"http:\/\/www.transformtech.qc.ca\/index.php?rest_route=\/wp\/v2\/pages\/116\/revisions\/409"}],"wp:attachment":[{"href":"http:\/\/www.transformtech.qc.ca\/index.php?rest_route=%2Fwp%2Fv2%2Fmedia&parent=116"}],"curies":[{"name":"wp","href":"https:\/\/api.w.org\/{rel}","templated":true}]}}