{"id":129,"date":"2015-02-19T02:21:14","date_gmt":"2015-02-19T02:21:14","guid":{"rendered":"http:\/\/www.transformtech.qc.ca\/?page_id=129"},"modified":"2015-04-19T16:41:16","modified_gmt":"2015-04-19T16:41:16","slug":"preparation-postale-et-distribution","status":"publish","type":"page","link":"http:\/\/www.transformtech.qc.ca\/?page_id=129","title":{"rendered":"Pre\u0301paration Postale et Distribution"},"content":{"rendered":"<div class=\"left\"><img loading=\"lazy\" decoding=\"async\" src=\"http:\/\/i2.wp.com\/www.transformtech.qc.ca\/wp-content\/uploads\/2015\/01\/img_services-v2.jpg?resize=334%2C564\" alt=\"img_services-v2\" class=\"alignleft size-full wp-image-277\" srcset=\"http:\/\/i2.wp.com\/www.transformtech.qc.ca\/wp-content\/uploads\/2015\/01\/img_services-v2.jpg?w=334 334w, http:\/\/i2.wp.com\/www.transformtech.qc.ca\/wp-content\/uploads\/2015\/01\/img_services-v2.jpg?resize=178%2C300 178w\" sizes=\"(max-width: 334px) 100vw, 334px\" data-recalc-dims=\"1\" \/><\/div>\n<div class=\"right\">\n<h2>Nos services de gestion de projets sp\u00e9ciaux<\/h2>\n<p>&nbsp;<\/p>\n<h3><strong>Impression, Pre\u0301paration, traitement et distribution (fulfillment)<\/strong><\/h3>\n<p>Connus aussi sous la d\u00e9nomination <em>\u00ab\u00a0pr\u00e9paration postale\u00a0\u00bb<\/em>, ce service consiste \u00e0 coordonner l&rsquo;ensemble des \u00e9tapes d&rsquo;un projet soit de production \u00e0 la livraison aux diff\u00e9rents sites de distribution. Un gestionnaire de projet est attitr\u00e9 \u00e0 votre projet et effectue le suivi et les op\u00e9rations requises \u00e0 l&rsquo;ensemble du processus dont le suivi de la qualit\u00e9, de l&rsquo;assemblage et de l&rsquo;entreposage et assure le lien entre les diff\u00e9rents intervenants de la cha\u00eene de distribution.<\/p>\n<p>&nbsp;<\/p>\n<hr \/>\n<p>&nbsp;<\/p>\n<h3><\/h3>\n<h3><strong>Marketing direct <\/strong><\/h3>\n<p>Conception, impression, personnalisation, traitement des bases de donn\u00e9es et envoi, nous poss\u00e9dons les ressources pour d\u00e9ployer une campagne promotionnelle percutante. Selon vos besoins et vos objectifs, nous d\u00e9velopperons un outil personnalis\u00e9 de<strong> publipostage<\/strong> qui sera distribu\u00e9 \u00e0 votre client\u00e8le cible potentielle.<\/p>\n<p>&nbsp;<\/p>\n<hr \/>\n<p>&nbsp;<\/p><\/div>\n","protected":false},"excerpt":{"rendered":"<p>Nos services de gestion de projets sp\u00e9ciaux &nbsp; Impression, Pre\u0301paration, traitement et distribution (fulfillment) Connus aussi sous la d\u00e9nomination \u00ab\u00a0pr\u00e9paration postale\u00a0\u00bb, ce service consiste \u00e0 coordonner l&rsquo;ensemble des \u00e9tapes d&rsquo;un projet soit de production \u00e0 la livraison aux diff\u00e9rents sites de distribution. Un gestionnaire de projet est attitr\u00e9 \u00e0 votre projet et effectue le suivi [&hellip;]<\/p>\n","protected":false},"author":2,"featured_media":205,"parent":9,"menu_order":0,"comment_status":"closed","ping_status":"closed","template":"","meta":{"footnotes":""},"_links":{"self":[{"href":"http:\/\/www.transformtech.qc.ca\/index.php?rest_route=\/wp\/v2\/pages\/129"}],"collection":[{"href":"http:\/\/www.transformtech.qc.ca\/index.php?rest_route=\/wp\/v2\/pages"}],"about":[{"href":"http:\/\/www.transformtech.qc.ca\/index.php?rest_route=\/wp\/v2\/types\/page"}],"author":[{"embeddable":true,"href":"http:\/\/www.transformtech.qc.ca\/index.php?rest_route=\/wp\/v2\/users\/2"}],"replies":[{"embeddable":true,"href":"http:\/\/www.transformtech.qc.ca\/index.php?rest_route=%2Fwp%2Fv2%2Fcomments&post=129"}],"version-history":[{"count":14,"href":"http:\/\/www.transformtech.qc.ca\/index.php?rest_route=\/wp\/v2\/pages\/129\/revisions"}],"predecessor-version":[{"id":392,"href":"http:\/\/www.transformtech.qc.ca\/index.php?rest_route=\/wp\/v2\/pages\/129\/revisions\/392"}],"up":[{"embeddable":true,"href":"http:\/\/www.transformtech.qc.ca\/index.php?rest_route=\/wp\/v2\/pages\/9"}],"wp:featuredmedia":[{"embeddable":true,"href":"http:\/\/www.transformtech.qc.ca\/index.php?rest_route=\/wp\/v2\/media\/205"}],"wp:attachment":[{"href":"http:\/\/www.transformtech.qc.ca\/index.php?rest_route=%2Fwp%2Fv2%2Fmedia&parent=129"}],"curies":[{"name":"wp","href":"https:\/\/api.w.org\/{rel}","templated":true}]}}