{"id":2,"date":"2015-01-14T13:36:47","date_gmt":"2015-01-14T13:36:47","guid":{"rendered":"http:\/\/www.transformtech.qc.ca\/?page_id=2"},"modified":"2016-05-06T14:57:14","modified_gmt":"2016-05-06T14:57:14","slug":"produits","status":"publish","type":"page","link":"http:\/\/www.transformtech.qc.ca\/?page_id=2","title":{"rendered":"Produits"},"content":{"rendered":"<div class=\"left\"><img loading=\"lazy\" decoding=\"async\" src=\"http:\/\/i0.wp.com\/www.transformtech.qc.ca\/wp-content\/uploads\/2015\/01\/img_produits.jpg?resize=334%2C564\" alt=\"img_produits\" class=\"alignleft size-full wp-image-274\" srcset=\"http:\/\/i0.wp.com\/www.transformtech.qc.ca\/wp-content\/uploads\/2015\/01\/img_produits.jpg?w=334 334w, http:\/\/i0.wp.com\/www.transformtech.qc.ca\/wp-content\/uploads\/2015\/01\/img_produits.jpg?resize=178%2C300 178w\" sizes=\"(max-width: 334px) 100vw, 334px\" data-recalc-dims=\"1\" \/><\/div>\n<div class=\"right\">\n<h2>Nous sommes des projets cl\u00e9 en main.<\/h2>\n<p>Nos services et les produits qui s&rsquo;ensuivent permettent de combler l&rsquo;ensemble des besoins d&rsquo;un client. Notre philosophie: \u00eatre votre point de chute unique. De l&rsquo;impression de documents et de produits de tous les genres en passant par l&rsquo;entreposage, la gestion d\u2019inventaire et la livraison, nous accompagnons nos clients tout au long du processus de production dans un climat de confiance.<\/p>\n<p>&nbsp;<\/p>\n<hr \/>\n<h2>Nos produits en impression<\/h2>\n<p><strong>Formulaires d&rsquo;affaires<\/strong><\/p>\n<ul>\n<li>Factures<\/li>\n<li>Relev\u00e9 de compte<\/li>\n<li>Ch\u00e8ques<\/li>\n<li>Bons de livraison<\/li>\n<li>Feuilles laser<\/li>\n<li>Enveloppes<\/li>\n<li>Formulaires avec cartes ou \u00e9tiquettes int\u00e9gr\u00e9es<\/li>\n<li>Formulaire en continue<\/li>\n<li>Formulaire en liasse<\/li>\n<li>Formulaire en multiple copies NCR ou laser<\/li>\n<li>Formulaire a\u0300 code barre<\/li>\n<li>Livret et tablette<\/li>\n<\/ul>\n<p><a name=\"commercial\" id=\"commercial\"><\/a><\/p>\n<hr \/>\n<p><strong>Commercial et corporatif<\/strong><\/p>\n<ul>\n<li>Rapport Annuel<\/li>\n<li>Revue<\/li>\n<li>D\u00e9pliant<\/li>\n<li>Ent\u00eate de lettre<\/li>\n<li>Brochures<\/li>\n<li>Pochettes corporative<\/li>\n<li>Cartes d\u2019affaires<\/li>\n<li>Boi\u0302te de carton<\/li>\n<li>Bulletins<\/li>\n<li>Document personnalise\u0301 (marketing direct)<\/li>\n<li>Enveloppe<\/li>\n<\/ul>\n<p><a name=\"etiquettes\"><\/a><\/p>\n<hr \/>\n<p><strong>\u00c9tiquettes auto-collantes<\/strong><\/p>\n<ul>\n<li>\u00c9tiquettes en rouleaux<\/li>\n<li>\u00c9tiquettes en feuilles<\/li>\n<li>\u00c9tiquettes laser<\/li>\n<li>\u00c9tiquettes transfert et direct thermal<\/li>\n<li>\u00c9tiquettes de produits<\/li>\n<\/ul>\n<p><a name=\"grand-format\"><\/a><\/p>\n<hr \/>\n<p><strong>Grand format<\/strong><\/p>\n<ul>\n<li>Roll-up<\/li>\n<li>Banni\u00e8re<\/li>\n<li>Panneaux<\/li>\n<li>V\u00e9hicule Publicitaire<\/li>\n<li>Affichage<\/li>\n<li>Kiosque d&rsquo;exposition<\/li>\n<li>Affiches autoportantes<\/li>\n<li>Drapeaux<\/li>\n<li>Coroplast<\/li>\n<\/ul>\n<hr \/>\n<p>&nbsp;<\/p>\n<h2>Notre solution pour les formulaires et le classement \u00e9lectronique<\/h2>\n<p>Quaero, un syst\u00e8me de <strong>classement <\/strong><strong>\u00e9<\/strong><strong>lectronique<\/strong> r\u00e9volutionnaire.<\/p>\n<p>Simple, rapide et efficace, il permet de sauver du temps, de l\u2019espace et de l\u2019argent. Jamais vos documents n\u2019auront \u00e9t\u00e9 aussi facilement accessibles.<\/p>\n<p>En savoir sur <a title=\"Quaero\" href=\"http:\/\/www.quaero.ca\" target=\"_blank\">le logiciel Quaero<\/a>.<\/p>\n<p>&nbsp;<\/p>\n<hr \/>\n<p><strong>\u00a0<\/strong><\/p>\n<h2>Notre solution pour la gestion d&rsquo;entreposage et de distribution<\/h2>\n<p>Une <strong>gestion des entrep<\/strong><strong>\u00f4<\/strong><strong>ts<\/strong>\u00a0efficace est essentielle. Pour plus de d\u00e9tails sur nos services, consultez la section sur <a title=\"Entreposage et distribution\" href=\"http:\/\/www.transformtech.qc.ca\/services\/entreposage-et-distribution\/\">la gestion et sortie d&rsquo;entrep\u00f4ts<\/a>.\n<\/div>\n","protected":false},"excerpt":{"rendered":"<p>Nous sommes des projets cl\u00e9 en main. Nos services et les produits qui s&rsquo;ensuivent permettent de combler l&rsquo;ensemble des besoins d&rsquo;un client. Notre philosophie: \u00eatre votre point de chute unique. De l&rsquo;impression de documents et de produits de tous les genres en passant par l&rsquo;entreposage, la gestion d\u2019inventaire et la livraison, nous accompagnons nos clients [&hellip;]<\/p>\n","protected":false},"author":1,"featured_media":206,"parent":0,"menu_order":0,"comment_status":"closed","ping_status":"closed","template":"","meta":{"footnotes":""},"_links":{"self":[{"href":"http:\/\/www.transformtech.qc.ca\/index.php?rest_route=\/wp\/v2\/pages\/2"}],"collection":[{"href":"http:\/\/www.transformtech.qc.ca\/index.php?rest_route=\/wp\/v2\/pages"}],"about":[{"href":"http:\/\/www.transformtech.qc.ca\/index.php?rest_route=\/wp\/v2\/types\/page"}],"author":[{"embeddable":true,"href":"http:\/\/www.transformtech.qc.ca\/index.php?rest_route=\/wp\/v2\/users\/1"}],"replies":[{"embeddable":true,"href":"http:\/\/www.transformtech.qc.ca\/index.php?rest_route=%2Fwp%2Fv2%2Fcomments&post=2"}],"version-history":[{"count":35,"href":"http:\/\/www.transformtech.qc.ca\/index.php?rest_route=\/wp\/v2\/pages\/2\/revisions"}],"predecessor-version":[{"id":425,"href":"http:\/\/www.transformtech.qc.ca\/index.php?rest_route=\/wp\/v2\/pages\/2\/revisions\/425"}],"wp:featuredmedia":[{"embeddable":true,"href":"http:\/\/www.transformtech.qc.ca\/index.php?rest_route=\/wp\/v2\/media\/206"}],"wp:attachment":[{"href":"http:\/\/www.transformtech.qc.ca\/index.php?rest_route=%2Fwp%2Fv2%2Fmedia&parent=2"}],"curies":[{"name":"wp","href":"https:\/\/api.w.org\/{rel}","templated":true}]}}