{"id":52,"date":"2015-01-14T23:08:14","date_gmt":"2015-01-14T23:08:14","guid":{"rendered":"http:\/\/www.transformtech.qc.ca\/?page_id=52"},"modified":"2015-04-14T12:16:20","modified_gmt":"2015-04-14T12:16:20","slug":"partenaires","status":"publish","type":"page","link":"http:\/\/www.transformtech.qc.ca\/?page_id=52","title":{"rendered":"Partenaires"},"content":{"rendered":"<div class=\"left\"><img loading=\"lazy\" decoding=\"async\" src=\"http:\/\/i0.wp.com\/www.transformtech.qc.ca\/wp-content\/uploads\/2015\/01\/img_partenaires.jpg?resize=334%2C564\" alt=\"img_partenaires\" class=\"alignleft size-full wp-image-273\" srcset=\"http:\/\/i0.wp.com\/www.transformtech.qc.ca\/wp-content\/uploads\/2015\/01\/img_partenaires.jpg?w=334 334w, http:\/\/i0.wp.com\/www.transformtech.qc.ca\/wp-content\/uploads\/2015\/01\/img_partenaires.jpg?resize=178%2C300 178w\" sizes=\"(max-width: 334px) 100vw, 334px\" data-recalc-dims=\"1\" \/><\/div>\n<div class=\"right\">\n<h2><strong>Nous sommes un r<\/strong><strong>\u00e9<\/strong><strong>seau de professionnels de confiance. <\/strong><\/h2>\n<p>En affaires depuis plus de plus d&rsquo;une vingtaine d&rsquo;ann\u00e9es, Transform Tech a b\u00e2ti un r\u00e9seau de partenaires de confiance. Rigoureusement s\u00e9lectionn\u00e9s, nous entretenons avec nos partenaires et fournisseurs des relations solides et stables. Ensemble, c&rsquo;est plus de 400 personnes qualifi\u00e9es et passionn\u00e9es disponibles pour vous servir et combler la totalit\u00e9 de vos besoins.<\/p>\n<hr \/>\n<p>&nbsp;<\/p><\/div>\n","protected":false},"excerpt":{"rendered":"<p>Nous sommes un r\u00e9seau de professionnels de confiance. En affaires depuis plus de plus d&rsquo;une vingtaine d&rsquo;ann\u00e9es, Transform Tech a b\u00e2ti un r\u00e9seau de partenaires de confiance. Rigoureusement s\u00e9lectionn\u00e9s, nous entretenons avec nos partenaires et fournisseurs des relations solides et stables. Ensemble, c&rsquo;est plus de 400 personnes qualifi\u00e9es et passionn\u00e9es disponibles pour vous servir et [&hellip;]<\/p>\n","protected":false},"author":1,"featured_media":0,"parent":0,"menu_order":0,"comment_status":"closed","ping_status":"closed","template":"","meta":{"footnotes":""},"_links":{"self":[{"href":"http:\/\/www.transformtech.qc.ca\/index.php?rest_route=\/wp\/v2\/pages\/52"}],"collection":[{"href":"http:\/\/www.transformtech.qc.ca\/index.php?rest_route=\/wp\/v2\/pages"}],"about":[{"href":"http:\/\/www.transformtech.qc.ca\/index.php?rest_route=\/wp\/v2\/types\/page"}],"author":[{"embeddable":true,"href":"http:\/\/www.transformtech.qc.ca\/index.php?rest_route=\/wp\/v2\/users\/1"}],"replies":[{"embeddable":true,"href":"http:\/\/www.transformtech.qc.ca\/index.php?rest_route=%2Fwp%2Fv2%2Fcomments&post=52"}],"version-history":[{"count":13,"href":"http:\/\/www.transformtech.qc.ca\/index.php?rest_route=\/wp\/v2\/pages\/52\/revisions"}],"predecessor-version":[{"id":372,"href":"http:\/\/www.transformtech.qc.ca\/index.php?rest_route=\/wp\/v2\/pages\/52\/revisions\/372"}],"wp:attachment":[{"href":"http:\/\/www.transformtech.qc.ca\/index.php?rest_route=%2Fwp%2Fv2%2Fmedia&parent=52"}],"curies":[{"name":"wp","href":"https:\/\/api.w.org\/{rel}","templated":true}]}}