{"id":124,"date":"2015-02-19T02:15:12","date_gmt":"2015-02-19T02:15:12","guid":{"rendered":"http:\/\/www.transformtech.qc.ca\/?page_id=124"},"modified":"2015-03-09T22:27:51","modified_gmt":"2015-03-09T22:27:51","slug":"entreposage-et-distribution","status":"publish","type":"page","link":"https:\/\/www.transformtech.qc.ca\/?page_id=124","title":{"rendered":"Entreposage et distribution"},"content":{"rendered":"<div class=\"left\"><img loading=\"lazy\" decoding=\"async\" src=\"https:\/\/i2.wp.com\/www.transformtech.qc.ca\/wp-content\/uploads\/2015\/01\/img_services.jpg?resize=334%2C564\" alt=\"img_services-v2\" class=\"alignleft size-full wp-image-277\" data-recalc-dims=\"1\" \/><\/div>\n<div class=\"right\">\n<h2><strong>Nos services d&rsquo;entreposage et de distribution<\/strong><\/h2>\n<p>Gr\u00e2ce \u00e0 notre syst\u00e8me informatis\u00e9, nous offrons des services de <strong>gestion d&rsquo;entreposage <\/strong>et de distribution de tous vos <strong>documents d&rsquo;affaires,<\/strong> qu&rsquo;il s&rsquo;agisse de<strong> formulaires<\/strong>, de documents corporatifs ou encore d&rsquo;\u00e9tiquettes. Accessible par le Web, notre syst\u00e8me facilite et acc\u00e9l\u00e8re la sortie des documents de nos entrep\u00f4ts. Un rapport mensuel indiquant l&rsquo;\u00e9tat de vos stocks ainsi qu&rsquo;un rapport \u00e9lectronique compl\u00e9mentaires d&rsquo;exp\u00e9dition par document ou par succursale est envoy\u00e9 \u00e0 chaque mois. D\u00e9velopp\u00e9s de fa\u00e7on \u00e0 r\u00e9pondre \u00e0 vos besoins, nos services sauront vous simplifier la vie et vous offrir satisfaction.<\/div>\n","protected":false},"excerpt":{"rendered":"<p>Nos services d&rsquo;entreposage et de distribution Gr\u00e2ce \u00e0 notre syst\u00e8me informatis\u00e9, nous offrons des services de gestion d&rsquo;entreposage et de distribution de tous vos documents d&rsquo;affaires, qu&rsquo;il s&rsquo;agisse de formulaires, de documents corporatifs ou encore d&rsquo;\u00e9tiquettes. Accessible par le Web, notre syst\u00e8me facilite et acc\u00e9l\u00e8re la sortie des documents de nos entrep\u00f4ts. Un rapport mensuel [&hellip;]<\/p>\n","protected":false},"author":2,"featured_media":0,"parent":9,"menu_order":0,"comment_status":"closed","ping_status":"closed","template":"","meta":{"footnotes":""},"_links":{"self":[{"href":"https:\/\/www.transformtech.qc.ca\/index.php?rest_route=\/wp\/v2\/pages\/124"}],"collection":[{"href":"https:\/\/www.transformtech.qc.ca\/index.php?rest_route=\/wp\/v2\/pages"}],"about":[{"href":"https:\/\/www.transformtech.qc.ca\/index.php?rest_route=\/wp\/v2\/types\/page"}],"author":[{"embeddable":true,"href":"https:\/\/www.transformtech.qc.ca\/index.php?rest_route=\/wp\/v2\/users\/2"}],"replies":[{"embeddable":true,"href":"https:\/\/www.transformtech.qc.ca\/index.php?rest_route=%2Fwp%2Fv2%2Fcomments&post=124"}],"version-history":[{"count":3,"href":"https:\/\/www.transformtech.qc.ca\/index.php?rest_route=\/wp\/v2\/pages\/124\/revisions"}],"predecessor-version":[{"id":308,"href":"https:\/\/www.transformtech.qc.ca\/index.php?rest_route=\/wp\/v2\/pages\/124\/revisions\/308"}],"up":[{"embeddable":true,"href":"https:\/\/www.transformtech.qc.ca\/index.php?rest_route=\/wp\/v2\/pages\/9"}],"wp:attachment":[{"href":"https:\/\/www.transformtech.qc.ca\/index.php?rest_route=%2Fwp%2Fv2%2Fmedia&parent=124"}],"curies":[{"name":"wp","href":"https:\/\/api.w.org\/{rel}","templated":true}]}}