{"id":136,"date":"2015-02-19T02:26:20","date_gmt":"2015-02-19T02:26:20","guid":{"rendered":"http:\/\/www.transformtech.qc.ca\/?page_id=136"},"modified":"2015-04-12T15:50:24","modified_gmt":"2015-04-12T15:50:24","slug":"design","status":"publish","type":"page","link":"https:\/\/www.transformtech.qc.ca\/?page_id=136","title":{"rendered":"Design"},"content":{"rendered":"<div class=\"left\"><img loading=\"lazy\" decoding=\"async\" src=\"https:\/\/i2.wp.com\/www.transformtech.qc.ca\/wp-content\/uploads\/2015\/01\/img_services-v2.jpg?resize=334%2C564\" alt=\"img_services-v2\" class=\"alignleft size-full wp-image-277\" srcset=\"https:\/\/i2.wp.com\/www.transformtech.qc.ca\/wp-content\/uploads\/2015\/01\/img_services-v2.jpg?w=334 334w, https:\/\/i2.wp.com\/www.transformtech.qc.ca\/wp-content\/uploads\/2015\/01\/img_services-v2.jpg?resize=178%2C300 178w\" sizes=\"(max-width: 334px) 100vw, 334px\" data-recalc-dims=\"1\" \/><\/div>\n<div class=\"right\">\n<h2><strong>Nos services de graphisme<\/strong><\/h2>\n<p>Nous comptons sur notre \u00e9quipe de <strong>graphistes <\/strong>d&rsquo;exp\u00e9rience qui donneront vie \u00e0 vos diff\u00e9rents projets. Laissez leur talent en conception graphique illustrer vos diff\u00e9rents messages, de la carte de visite \u00e0 la brochure \u00e9toff\u00e9e, notre \u00e9quipe peut vous accompagner de l&rsquo;id\u00e9e \u00e0 la r\u00e9alit\u00e9.<\/div>\n","protected":false},"excerpt":{"rendered":"<p>Nos services de graphisme Nous comptons sur notre \u00e9quipe de graphistes d&rsquo;exp\u00e9rience qui donneront vie \u00e0 vos diff\u00e9rents projets. Laissez leur talent en conception graphique illustrer vos diff\u00e9rents messages, de la carte de visite \u00e0 la brochure \u00e9toff\u00e9e, notre \u00e9quipe peut vous accompagner de l&rsquo;id\u00e9e \u00e0 la r\u00e9alit\u00e9.<\/p>\n","protected":false},"author":2,"featured_media":0,"parent":9,"menu_order":0,"comment_status":"closed","ping_status":"closed","template":"","meta":{"footnotes":""},"_links":{"self":[{"href":"https:\/\/www.transformtech.qc.ca\/index.php?rest_route=\/wp\/v2\/pages\/136"}],"collection":[{"href":"https:\/\/www.transformtech.qc.ca\/index.php?rest_route=\/wp\/v2\/pages"}],"about":[{"href":"https:\/\/www.transformtech.qc.ca\/index.php?rest_route=\/wp\/v2\/types\/page"}],"author":[{"embeddable":true,"href":"https:\/\/www.transformtech.qc.ca\/index.php?rest_route=\/wp\/v2\/users\/2"}],"replies":[{"embeddable":true,"href":"https:\/\/www.transformtech.qc.ca\/index.php?rest_route=%2Fwp%2Fv2%2Fcomments&post=136"}],"version-history":[{"count":6,"href":"https:\/\/www.transformtech.qc.ca\/index.php?rest_route=\/wp\/v2\/pages\/136\/revisions"}],"predecessor-version":[{"id":365,"href":"https:\/\/www.transformtech.qc.ca\/index.php?rest_route=\/wp\/v2\/pages\/136\/revisions\/365"}],"up":[{"embeddable":true,"href":"https:\/\/www.transformtech.qc.ca\/index.php?rest_route=\/wp\/v2\/pages\/9"}],"wp:attachment":[{"href":"https:\/\/www.transformtech.qc.ca\/index.php?rest_route=%2Fwp%2Fv2%2Fmedia&parent=136"}],"curies":[{"name":"wp","href":"https:\/\/api.w.org\/{rel}","templated":true}]}}