{"id":37,"date":"2015-01-14T18:53:15","date_gmt":"2015-01-14T18:53:15","guid":{"rendered":"http:\/\/www.transformtech.qc.ca\/?page_id=37"},"modified":"2015-04-23T15:56:31","modified_gmt":"2015-04-23T15:56:31","slug":"page-daccueil","status":"publish","type":"page","link":"https:\/\/www.transformtech.qc.ca\/","title":{"rendered":"Accueil"},"content":{"rendered":"<h2><span style=\"color: #008080;\">NOUS SOMMES UNE ENTREPRISE FAMILIALE<\/span><\/h2>\n<p style=\"text-align: justify;\">Fond\u00e9e en 1992, Transform Tech avait alors comme mission premi\u00e8re d&rsquo;offrir des<strong> services de conception et d&rsquo;impression de formulaires d<\/strong><strong>\u2019affaires<\/strong> traditionnels.<\/p>\n<p style=\"text-align: justify;\">Depuis, l\u2019entreprise a d\u00e9velopp\u00e9 au fil des ans une offre compl\u00e8te de<strong> produits imprim<\/strong><strong>\u00e9s<\/strong> de grande qualit\u00e9 et propose diff\u00e9rents services afin de s&rsquo;adapter aux besoins grandissant de sa client\u00e8le dont l&rsquo;entreposage et la distribution de documents d&rsquo;affaires, la gestion de base de donn\u00e9es, personnalisation et mise \u00e0 la poste de documents, d\u00e9veloppement de formulaires \u00e9lectronique et de classement \u00e9lectronique.<\/p>\n<p style=\"text-align: justify;\">Reconnue et appr\u00e9ci\u00e9e, la r\u00e9ussite de l&rsquo;entreprise repose sur ses valeurs soient l&rsquo;innovation, l&rsquo;int\u00e9grit\u00e9, l&rsquo;initiative et la satisfaction de sa client\u00e8le qui guident et inspirent celle-ci depuis sa cr\u00e9ation.<\/p>\n<p>TransForm Tech, courtier en imprimerie, est fier de servir 600 clients \u00e0 travers le Canada et d&rsquo;\u00eatre votre solution en impression.<\/p>\n","protected":false},"excerpt":{"rendered":"<p>NOUS SOMMES UNE ENTREPRISE FAMILIALE Fond\u00e9e en 1992, Transform Tech avait alors comme mission premi\u00e8re d&rsquo;offrir des services de conception et d&rsquo;impression de formulaires d\u2019affaires traditionnels. Depuis, l\u2019entreprise a d\u00e9velopp\u00e9 au fil des ans une offre compl\u00e8te de produits imprim\u00e9s de grande qualit\u00e9 et propose diff\u00e9rents services afin de s&rsquo;adapter aux besoins grandissant de sa [&hellip;]<\/p>\n","protected":false},"author":1,"featured_media":0,"parent":0,"menu_order":0,"comment_status":"closed","ping_status":"closed","template":"","meta":{"footnotes":""},"_links":{"self":[{"href":"https:\/\/www.transformtech.qc.ca\/index.php?rest_route=\/wp\/v2\/pages\/37"}],"collection":[{"href":"https:\/\/www.transformtech.qc.ca\/index.php?rest_route=\/wp\/v2\/pages"}],"about":[{"href":"https:\/\/www.transformtech.qc.ca\/index.php?rest_route=\/wp\/v2\/types\/page"}],"author":[{"embeddable":true,"href":"https:\/\/www.transformtech.qc.ca\/index.php?rest_route=\/wp\/v2\/users\/1"}],"replies":[{"embeddable":true,"href":"https:\/\/www.transformtech.qc.ca\/index.php?rest_route=%2Fwp%2Fv2%2Fcomments&post=37"}],"version-history":[{"count":17,"href":"https:\/\/www.transformtech.qc.ca\/index.php?rest_route=\/wp\/v2\/pages\/37\/revisions"}],"predecessor-version":[{"id":407,"href":"https:\/\/www.transformtech.qc.ca\/index.php?rest_route=\/wp\/v2\/pages\/37\/revisions\/407"}],"wp:attachment":[{"href":"https:\/\/www.transformtech.qc.ca\/index.php?rest_route=%2Fwp%2Fv2%2Fmedia&parent=37"}],"curies":[{"name":"wp","href":"https:\/\/api.w.org\/{rel}","templated":true}]}}