{"id":9,"date":"2015-01-14T15:13:00","date_gmt":"2015-01-14T15:13:00","guid":{"rendered":"http:\/\/www.transformtech.qc.ca\/?page_id=9"},"modified":"2015-04-23T12:07:39","modified_gmt":"2015-04-23T12:07:39","slug":"services","status":"publish","type":"page","link":"https:\/\/www.transformtech.qc.ca\/?page_id=9","title":{"rendered":"Services"},"content":{"rendered":"<div class=\"left\"><img loading=\"lazy\" decoding=\"async\" src=\"https:\/\/i2.wp.com\/www.transformtech.qc.ca\/wp-content\/uploads\/2015\/01\/img_services-v2.jpg?resize=334%2C564\" alt=\"img_services-v2\" class=\"alignleft size-full wp-image-277\" srcset=\"https:\/\/i2.wp.com\/www.transformtech.qc.ca\/wp-content\/uploads\/2015\/01\/img_services-v2.jpg?w=334 334w, https:\/\/i2.wp.com\/www.transformtech.qc.ca\/wp-content\/uploads\/2015\/01\/img_services-v2.jpg?resize=178%2C300 178w\" sizes=\"(max-width: 334px) 100vw, 334px\" data-recalc-dims=\"1\" \/><\/div>\n<div class=\"right\">\n<h2>Nous sommes une solution globale.<\/h2>\n<p>Nos services et les produits qui s&rsquo;ensuivent permettent de combler l&rsquo;ensemble des besoins en toutes circonstances\u00a0: impression de tout genres (formulaires, publicit\u00e9s, distributions postales), entreposage des stocks et gestion d\u2019inventaire informatis\u00e9e accessible via le\u00a0Web, d\u00e9veloppement de formulaires \u00e9lectroniques et classement \u00e9lectronique.<\/p>\n<p>&nbsp;<\/p>\n<hr \/>\n<h3><\/h3>\n<h3>Nos services en impression<\/h3>\n<p>Notre concept de guichet unique propose de combler l&rsquo;ensemble des projets d&rsquo;impression d&rsquo;une entreprise. Quel que soit la nature des besoins, tant pour les processus d&rsquo;affaires internes que les besoins en outils de marketing et corporatifs haut de gamme, nous sommes la solution pour l&rsquo;impression sous toutes ses formes.<\/p>\n<p>&nbsp;<\/p>\n<p><strong>Formulaires d&rsquo;affaires<\/strong><\/p>\n<ul>\n<li>Impression de formulaires d\u2019affaires<\/li>\n<li>Impression court et long tirage<\/li>\n<li>Tous les formats disponibles<\/li>\n<li>Papier NCR et feuilles laser de grande qualit\u00e9<\/li>\n<li>Tous les formats d&rsquo;enveloppes<\/li>\n<li>Entreposage et distribution<\/li>\n<li>Impression de donn\u00e9es variables<\/li>\n<\/ul>\n<p>Consulter <a title=\"Produits\" href=\"http:\/\/www.transformtech.qc.ca\/produits\/\">la liste des produits<\/a>.<\/p>\n<hr \/>\n<p><strong>Commercial et corporatif<\/strong><\/p>\n<ul>\n<li>Impression offset jusqu&rsquo;\u00e0 8 couleurs<\/li>\n<li>Impression num\u00e9rique<\/li>\n<li>Personnalisation de documents<\/li>\n<li>Papier FSC et \u00e9cologique<\/li>\n<li>Service de graphisme<\/li>\n<li>Entreposage et distribution<\/li>\n<li>Personnalisation de documents<\/li>\n<li>Traitement de bases de donne\u0301es<\/li>\n<li>Insertion de documents en enveloppes ou en cello oxobiode\u0301gradable<\/li>\n<li>Vernis uv<\/li>\n<li>Vernis uv se\u0301lectif<\/li>\n<li>Latex<\/li>\n<li>Lamination mat, gloss, soft touch<\/li>\n<li>Estampage<\/li>\n<li>Embossage<\/li>\n<li>De\u0301coupage<\/li>\n<\/ul>\n<p>Consulter <a title=\"Produits\" href=\"http:\/\/www.transformtech.qc.ca\/produits\/\">la liste des produits<\/a>.<\/p>\n<hr \/>\n<p><strong>Grand Format<\/strong><\/p>\n<ul>\n<li>Impression jusqu\u2019\u00e0 4 couleurs<\/li>\n<li>Impression num\u00e9rique couleur<\/li>\n<li>Service de graphisme<\/li>\n<li>Impression par sublimation (sur tissus)<\/li>\n<li>Installation<\/li>\n<li>Montage et d\u00e9montage de kiosque<\/li>\n<li>Maquette 3D<\/li>\n<li>Location de kiosque<\/li>\n<\/ul>\n<p>Consulter <a title=\"Produits\" href=\"http:\/\/www.transformtech.qc.ca\/produits\/\">la liste des produits<\/a>.<\/p>\n<hr \/>\n<p><strong>\u00c9tiquettes autocollantes<\/strong><\/p>\n<ul>\n<li>Impression jusqu\u2019\u00e0 8 couleurs<\/li>\n<li>Impression num\u00e9rique de grande qualit\u00e9<\/li>\n<li>Vernis, laminage, d\u00e9coupage<\/li>\n<li>Flexographie<\/li>\n<li>Entreposage et distribution<\/li>\n<\/ul>\n<p>Consulter <a title=\"Produits\" href=\"http:\/\/www.transformtech.qc.ca\/produits\/\">la liste des produits<\/a>.<\/p>\n<p>&nbsp;<\/p>\n<hr \/>\n<p>&nbsp;<\/p>\n<h3>Nos services d&rsquo;entreposage et de distribution<\/h3>\n<p>Gr\u00e2ce \u00e0 notre syst\u00e8me informatis\u00e9, nous offrons des services de gestion d\u2019entreposage et de distribution de vos documents d\u2019affaires, qu\u2019il s\u2019agisse de formulaires, de documents corporatifs ou encore d\u2019\u00e9tiquettes. Accessible par le Web, notre syst\u00e8me facilite et acc\u00e9l\u00e8re la sortie des documents de nos entrep\u00f4ts. Un rapport mensuel indiquant l\u2019\u00e9tat de vos stocks ainsi qu\u2019un rapport \u00e9lectronique compl\u00e9mentaire d\u2019exp\u00e9dition par document ou par succursale sont transmis \u00e0 chaque mois. D\u00e9velopp\u00e9s de fa\u00e7on \u00e0 r\u00e9pondre \u00e0 vos besoins, nos services vous simplifieront la vie.<\/p>\n<p>&nbsp;<\/p>\n<hr \/>\n<h3><\/h3>\n<h3>Nos services de conception de formulaires et de classement \u00e9lectronique<\/h3>\n<p>Quaero, un syst\u00e8me de classement \u00e9lectronique r\u00e9volutionnaire.<\/p>\n<p>Simple, rapide et efficace, il permet de sauver du temps, de l\u2019espace et de l\u2019argent. Jamais vos documents n\u2019auront \u00e9t\u00e9 aussi facilement accessibles.<\/p>\n<p>En savoir plus sur le logiciel <a title=\"Quaero\" href=\"http:\/\/www.quaero.ca\" target=\"_blank\">Quaero<\/a>.<\/p>\n<p>&nbsp;<\/p>\n<hr \/>\n<h3><\/h3>\n<h3>Nos services de gestion de projets sp\u00e9ciaux<\/h3>\n<p>&nbsp;<\/p>\n<p><strong>Pr\u00e9paration, traitement et distribution (<em>fulfillment<\/em>)<\/strong><\/p>\n<p>Connus aussi sous la d\u00e9nomination \u00ab\u00a0pr\u00e9paration postale\u00a0\u00bb, ce service consiste \u00e0 coordonner l&rsquo;ensemble des \u00e9tapes d&rsquo;un projet soit de production \u00e0 la livraison aux diff\u00e9rents sites de distribution. Un gestionnaire de projet est attitr\u00e9 \u00e0 votre projet et effectue le suivi et les op\u00e9rations requises \u00e0 l&rsquo;ensemble du processus dont le suivi de la qualit\u00e9, de l&rsquo;assemblage et de l&rsquo;entreposage et assure le lien entre les diff\u00e9rents intervenants de la cha\u00eene de distribution.<\/p>\n<p>&nbsp;<\/p>\n<p><strong>Marketing direct<\/strong><\/p>\n<p>Conception, impression, traitement de base de donn\u00e9es et envoi, nous poss\u00e9dons les ressources pour d\u00e9ployer une campagne promotionnelle percutante. Selon vos besoins et vos objectifs, nous d\u00e9velopperons un outil personnalis\u00e9 de publipostage qui sera distribu\u00e9 \u00e0 votre client\u00e8le cible potentielle.<\/p>\n<p>&nbsp;<\/p>\n<hr \/>\n<h3><\/h3>\n<h3>Nos services de graphisme<\/h3>\n<p>Nous comptons sur notre \u00e9quipe de graphistes d\u2019exp\u00e9rience pour donner vie \u00e0 vos diff\u00e9rents projets. Laissez leur talent en conception graphique illustrer vos diff\u00e9rents messages, de la carte de visite \u00e0 la brochure \u00e9toff\u00e9e, notre \u00e9quipe peut vous accompagner de l\u2019id\u00e9e \u00e0 la r\u00e9alit\u00e9.<\/p>\n<p>&nbsp;<\/p>\n<hr \/>\n<p>&nbsp;<\/p><\/div>\n","protected":false},"excerpt":{"rendered":"<p>Nous sommes une solution globale. Nos services et les produits qui s&rsquo;ensuivent permettent de combler l&rsquo;ensemble des besoins en toutes circonstances\u00a0: impression de tout genres (formulaires, publicit\u00e9s, distributions postales), entreposage des stocks et gestion d\u2019inventaire informatis\u00e9e accessible via le\u00a0Web, d\u00e9veloppement de formulaires \u00e9lectroniques et classement \u00e9lectronique. &nbsp; Nos services en impression Notre concept de guichet [&hellip;]<\/p>\n","protected":false},"author":1,"featured_media":148,"parent":0,"menu_order":0,"comment_status":"open","ping_status":"open","template":"","meta":{"footnotes":""},"_links":{"self":[{"href":"https:\/\/www.transformtech.qc.ca\/index.php?rest_route=\/wp\/v2\/pages\/9"}],"collection":[{"href":"https:\/\/www.transformtech.qc.ca\/index.php?rest_route=\/wp\/v2\/pages"}],"about":[{"href":"https:\/\/www.transformtech.qc.ca\/index.php?rest_route=\/wp\/v2\/types\/page"}],"author":[{"embeddable":true,"href":"https:\/\/www.transformtech.qc.ca\/index.php?rest_route=\/wp\/v2\/users\/1"}],"replies":[{"embeddable":true,"href":"https:\/\/www.transformtech.qc.ca\/index.php?rest_route=%2Fwp%2Fv2%2Fcomments&post=9"}],"version-history":[{"count":36,"href":"https:\/\/www.transformtech.qc.ca\/index.php?rest_route=\/wp\/v2\/pages\/9\/revisions"}],"predecessor-version":[{"id":406,"href":"https:\/\/www.transformtech.qc.ca\/index.php?rest_route=\/wp\/v2\/pages\/9\/revisions\/406"}],"wp:featuredmedia":[{"embeddable":true,"href":"https:\/\/www.transformtech.qc.ca\/index.php?rest_route=\/wp\/v2\/media\/148"}],"wp:attachment":[{"href":"https:\/\/www.transformtech.qc.ca\/index.php?rest_route=%2Fwp%2Fv2%2Fmedia&parent=9"}],"curies":[{"name":"wp","href":"https:\/\/api.w.org\/{rel}","templated":true}]}}